{"id":129,"date":"2017-10-15T12:29:38","date_gmt":"2017-10-15T12:29:38","guid":{"rendered":"http:\/\/marethan.com\/?page_id=129"},"modified":"2023-03-13T10:40:14","modified_gmt":"2023-03-13T10:40:14","slug":"wir-ueber-uns","status":"publish","type":"page","link":"https:\/\/marethan.com\/?page_id=129","title":{"rendered":"Wir \u00fcber uns"},"content":{"rendered":"<p>Die Marethan GmbH besteht seit 2017 und konzentriert sich auf die Entwicklung von Software zum Monitoring von Abl\u00e4ufen. Als noch junges Unternehmen liegt unser Schwerpunkt naturgem\u00e4\u00df in der Produktentwicklung. Trotzdem k\u00f6nnen wir bereits heute auf einige kundenspezifische Installationen in der Automobilindustrie stolz sein, mit denen unsere Kunden den \u00dcberblick zum Stand ihrer Fahrzeugflotte bei hoher Arbeitsteiligkeit sicherstellen.<\/p>\n<p>Die Idee, eventorientierte Software zu entwickeln, entstand im Rahmen einer Studienarbeit zum Thema &#8220;Nachvollziehbare Transparenz in betrieblichen Abl\u00e4ufen&#8221;. Diese Idee wurde weiterentwickelt und bildet die Basis f\u00fcr unsere Produkte. Mit einer Adaption der Standards an die Anforderungen der Kunden erm\u00f6glichen wir maximale Wertsch\u00f6pfung bei minimalem Aufwand.<\/p>\n<p>Wie entwickeln f\u00fcr die Nutzer unserer Systeme. Deshalb ist eine maximale Bedienerfreundlichkeit unser vorrangiges Ziel. Maus-Klicks dauern zwar nur Bruchteile von Sekunden, nerven aber trotzdem, vor allen wenn sie nicht wirklich notwendig sind. Wir halten es einfach, darauf k\u00f6nnen Sie sich verlassen!<\/p>\n","protected":false},"excerpt":{"rendered":"<p>Die Marethan GmbH besteht seit 2017 und konzentriert sich auf die Entwicklung von Software zum Monitoring von Abl\u00e4ufen. Als noch junges Unternehmen liegt unser Schwerpunkt naturgem\u00e4\u00df in der Produktentwicklung. Trotzdem k\u00f6nnen wir bereits heute auf einige kundenspezifische Installationen in der Automobilindustrie stolz sein, mit denen unsere Kunden den \u00dcberblick zum Stand ihrer Fahrzeugflotte bei hoher &#8230; <a title=\"Wir \u00fcber uns\" class=\"read-more\" href=\"https:\/\/marethan.com\/?page_id=129\" aria-label=\"Mehr Informationen \u00fcber Wir \u00fcber uns\">Weiterlesen<\/a><\/p>\n","protected":false},"author":1,"featured_media":0,"parent":0,"menu_order":0,"comment_status":"closed","ping_status":"closed","template":"","meta":{"footnotes":""},"class_list":["post-129","page","type-page","status-publish"],"_links":{"self":[{"href":"https:\/\/marethan.com\/index.php?rest_route=\/wp\/v2\/pages\/129"}],"collection":[{"href":"https:\/\/marethan.com\/index.php?rest_route=\/wp\/v2\/pages"}],"about":[{"href":"https:\/\/marethan.com\/index.php?rest_route=\/wp\/v2\/types\/page"}],"author":[{"embeddable":true,"href":"https:\/\/marethan.com\/index.php?rest_route=\/wp\/v2\/users\/1"}],"replies":[{"embeddable":true,"href":"https:\/\/marethan.com\/index.php?rest_route=%2Fwp%2Fv2%2Fcomments&post=129"}],"version-history":[{"count":3,"href":"https:\/\/marethan.com\/index.php?rest_route=\/wp\/v2\/pages\/129\/revisions"}],"predecessor-version":[{"id":468,"href":"https:\/\/marethan.com\/index.php?rest_route=\/wp\/v2\/pages\/129\/revisions\/468"}],"wp:attachment":[{"href":"https:\/\/marethan.com\/index.php?rest_route=%2Fwp%2Fv2%2Fmedia&parent=129"}],"curies":[{"name":"wp","href":"https:\/\/api.w.org\/{rel}","templated":true}]}}