{"id":206,"date":"2020-04-07T17:58:36","date_gmt":"2020-04-07T17:58:36","guid":{"rendered":"http:\/\/marethan.com\/?page_id=206"},"modified":"2025-02-19T07:05:11","modified_gmt":"2025-02-19T07:05:11","slug":"startseite","status":"publish","type":"page","link":"https:\/\/marethan.com\/","title":{"rendered":"Startseite"},"content":{"rendered":"\n<div class=\"wp-block-cover alignfull has-small-font-size\" style=\"min-height:143px;aspect-ratio:unset;\"><span aria-hidden=\"true\" class=\"wp-block-cover__background has-background-dim-60 has-background-dim\"><\/span><img loading=\"lazy\" decoding=\"async\" width=\"1024\" height=\"1024\" class=\"wp-block-cover__image-background wp-image-770\" alt=\"\" src=\"https:\/\/marethan.com\/wp-content\/uploads\/2024\/07\/7b464c33-e7ff-44d6-b06d-aecb6b839a95-e1720864956253.webp\" style=\"object-position:35% 45%\" data-object-fit=\"cover\" data-object-position=\"35% 45%\" srcset=\"https:\/\/marethan.com\/wp-content\/uploads\/2024\/07\/7b464c33-e7ff-44d6-b06d-aecb6b839a95-e1720864956253.webp 1024w, https:\/\/marethan.com\/wp-content\/uploads\/2024\/07\/7b464c33-e7ff-44d6-b06d-aecb6b839a95-e1720864956253-300x300.webp 300w, https:\/\/marethan.com\/wp-content\/uploads\/2024\/07\/7b464c33-e7ff-44d6-b06d-aecb6b839a95-e1720864956253-150x150.webp 150w, https:\/\/marethan.com\/wp-content\/uploads\/2024\/07\/7b464c33-e7ff-44d6-b06d-aecb6b839a95-e1720864956253-768x768.webp 768w, https:\/\/marethan.com\/wp-content\/uploads\/2024\/07\/7b464c33-e7ff-44d6-b06d-aecb6b839a95-e1720864956253-510x510.webp 510w\" sizes=\"(max-width: 1024px) 100vw, 1024px\" \/><div class=\"wp-block-cover__inner-container is-layout-flow wp-block-cover-is-layout-flow\">\n<h2 class=\"wp-block-heading alignwide has-text-align-center has-x-large-font-size\"><strong>Transformieren Sie Ihr Unternehmen in die digitale Zukunft!<\/strong><\/h2>\n<\/div><\/div>\n\n\n\n<div style=\"height:60vh;width:100%\" class=\"superblockslider \" data-transition-duration=\".6s\" data-animation=\"cubic-bezier(0.46, 0.03, 0.52, 0.96)\" data-autoplay-interval=\"3s\"><div class=\"superblockslider__window\"><div class=\"superblockslider__track\" style=\"width:200%;transform:translateX(-0.0000%);transition-duration:.6s;transition-timing-function:cubic-bezier(0.46, 0.03, 0.52, 0.96)\">\n<div class=\"wp-block-superblockslider-slide superblockslider__slide superblockslider__slide--active\" data-slide-index=\"0\"><div class=\"superblockslider__slide__bg\"><img fetchpriority=\"high\" decoding=\"async\" class=\"image--xl visible--xl visible--sm visible--md visible--lg\" src=\"https:\/\/marethan.com\/wp-content\/uploads\/2020\/04\/P1420555-scaled.jpg\" width=\"2560\" height=\"1920\" title=\"P1420555\" alt=\"\" loading=\"eager\" srcset=\"https:\/\/marethan.com\/wp-content\/uploads\/2020\/04\/P1420555-150x150.jpg 150w,https:\/\/marethan.com\/wp-content\/uploads\/2020\/04\/P1420555-300x225.jpg 300w,https:\/\/marethan.com\/wp-content\/uploads\/2020\/04\/P1420555-1024x768.jpg 1024w,https:\/\/marethan.com\/wp-content\/uploads\/2020\/04\/P1420555-scaled.jpg 2560w,\" sizes=\"(max-width: 2560px) 100vw, 2560px\" style=\"object-fit:cover;object-position:63% 33%\"\/><\/div><div class=\"superblockslider__slide__overlay\"><\/div><div class=\"superblockslider__slide_inner\"><div class=\"inner-blocks\"><\/div><\/div><\/div>\n\n\n\n<div class=\"wp-block-superblockslider-slide superblockslider__slide\" data-slide-index=\"1\"><div class=\"superblockslider__slide__bg\"><img decoding=\"async\" class=\"image--xl visible--xl visible--sm visible--md visible--lg\" src=\"https:\/\/marethan.com\/wp-content\/uploads\/2017\/08\/P1030218.jpg\" width=\"4608\" height=\"3456\" title=\"P1030218\" alt=\"\" loading=\"eager\" srcset=\"https:\/\/marethan.com\/wp-content\/uploads\/2017\/08\/P1030218-150x150.jpg 150w,https:\/\/marethan.com\/wp-content\/uploads\/2017\/08\/P1030218-300x225.jpg 300w,https:\/\/marethan.com\/wp-content\/uploads\/2017\/08\/P1030218-1024x768.jpg 1024w,https:\/\/marethan.com\/wp-content\/uploads\/2017\/08\/P1030218.jpg 4608w,\" sizes=\"(max-width: 4608px) 100vw, 4608px\" style=\"object-fit:cover;object-position:65% 26%\"\/><\/div><div class=\"superblockslider__slide__overlay\"><\/div><div class=\"superblockslider__slide_inner\"><div class=\"inner-blocks\">\n<p><\/p>\n<\/div><\/div><\/div>\n<\/div><\/div><div class=\"superblockslider__controls superblockslider__buttons\"><button data-button-id=\"0\" aria-label=\"Slide 1\" class=\"superblockslider__button superblockslider__button--active\"><span class=\"superblockslider__button__icon\"><svg width=\"20\" height=\"20\" viewBox=\"0 0 20 20\" xmlns=\"http:\/\/www.w3.org\/2000\/svg\"><path d=\"M10 2c4.42 0 8 3.58 8 8s-3.58 8-8 8-8-3.58-8-8 3.58-8 8-8zM10 15c2.76 0 5-2.24 5-5s-2.24-5-5-5-5 2.24-5 5 2.24 5 5 5z\"><\/path><\/svg><\/span><\/button><button data-button-id=\"1\" aria-label=\"Slide 2\" class=\"superblockslider__button\"><span class=\"superblockslider__button__icon\"><svg width=\"20\" height=\"20\" viewBox=\"0 0 20 20\" xmlns=\"http:\/\/www.w3.org\/2000\/svg\"><path d=\"M10 2c4.42 0 8 3.58 8 8s-3.58 8-8 8-8-3.58-8-8 3.58-8 8-8zM10 15c2.76 0 5-2.24 5-5s-2.24-5-5-5-5 2.24-5 5 2.24 5 5 5z\"><\/path><\/svg><\/span><\/button><\/div><div class=\"superblockslider__controls superblockslider__navigation\"><button class=\"superblockslider__button__navigation superblockslider__button__previous\" aria-label=\"Previous slide\"><span class=\"superblockslider__button__previous--icon\"><svg width=\"85\" height=\"85\" xmlns=\"http:\/\/www.w3.org\/2000\/svg\" viewBox=\"0 0 85 85\" role=\"img\" aria-hidden=\"true\" focusable=\"false\"><path d=\"M58.3,21.7l-5-4.2l-22.5,25l22.5,25l5-4.2L39.2,42.5L58.3,21.7z\"><\/path><\/svg><\/span><\/button><button class=\"superblockslider__button__navigation superblockslider__button__next\" aria-label=\"Next slide\"><span class=\"superblockslider__button__next--icon\"><svg width=\"85\" height=\"85\" xmlns=\"http:\/\/www.w3.org\/2000\/svg\" viewBox=\"0 0 85 85\" role=\"img\" aria-hidden=\"true\" focusable=\"false\"><path d=\"M31.7,17.5l-5,4.2l19.2,20.8L26.7,63.3l5,4.2l22.5-25L31.7,17.5z\"><\/path><\/svg><\/span><\/button><\/div><\/div>\n\n\n\n<div style=\"height:13px\" aria-hidden=\"true\" class=\"wp-block-spacer\"><\/div>\n\n\n\n<div class=\"wp-block-group\"><div class=\"wp-block-group__inner-container is-layout-constrained wp-block-group-is-layout-constrained\">\n<p><strong>Willkommen bei der Marethan GmbH, Ihrem Partner f\u00fcr die Digitalisierung kleiner Unternehmen. <br \/><\/strong><br \/>In einer Welt, die sich st\u00e4ndig weiterentwickelt, ist es entscheidend, dass auch Ihr Unternehmen Schritt h\u00e4lt. Wir bieten ma\u00dfgeschneiderte L\u00f6sungen, die Ihre Gesch\u00e4ftsprozesse optimieren und Ihre Effizienz steigern.<\/p>\n<p><strong><em>Unsere Dienstleistungen umfassen:<\/em><\/strong><\/p>\n<ul>\n<li><strong style=\"background-color: var(--base-3); color: var(--contrast-2);\">Digitale Strategieentwicklung:<\/strong><span style=\"background-color: var(--base-3); color: var(--contrast-2);\"> Wir helfen Ihnen, eine klare und effektive digitale Strategie zu entwickeln, die auf Ihre individuellen Bed\u00fcrfnisse zugeschnitten ist.<\/span><\/li>\n<li><strong>Webdesign und -entwicklung:<\/strong> Von ansprechenden Websites bis hin zu benutzerfreundlichen Online-Shops \u2013 wir sorgen daf\u00fcr, dass Ihr Online-Auftritt \u00fcberzeugt.<\/li>\n<li><strong>Cloud-L\u00f6sungen:<\/strong> Nutzen Sie die Vorteile der Cloud, um Ihre Daten sicher und jederzeit zug\u00e4nglich zu speichern.<\/li>\n<li><strong>IT-Support und Wartung:<\/strong> Unser erfahrenes Team steht Ihnen rund um die Uhr zur Verf\u00fcgung, um technische Probleme schnell und effizient zu l\u00f6sen.<\/li>\n<li><strong>Schulungen und Workshops:<\/strong> Wir schulen Ihr Team, damit es die neuen digitalen Werkzeuge optimal nutzen kann.<\/li>\n<li><strong>F\u00f6rderung:<\/strong>\u00a0Wir unterst\u00fctzen Sie bei der Beantragung der &#8220;Digitalisierungspr\u00e4mie Plus&#8221;<\/li>\n<\/ul>\n<p><strong><em>Warum mit uns?<\/em><\/strong><\/p>\n<ul>\n<li><strong>Erfahrung und Expertise:<\/strong> Mit jahrelanger Erfahrung in der Digitalisierung kleiner Unternehmen wissen wir genau, worauf es ankommt.<\/li>\n<li><strong>Individuelle L\u00f6sungen:<\/strong> Keine Einheitsl\u00f6sungen \u2013 wir entwickeln ma\u00dfgeschneiderte Konzepte, die perfekt zu Ihrem Unternehmen passen.<\/li>\n<li><strong>Kundenzufriedenheit:<\/strong> Ihre Zufriedenheit steht bei uns an erster Stelle. Wir begleiten Sie von der ersten Beratung bis zur erfolgreichen Umsetzung und dar\u00fcber hinaus.<\/li>\n<\/ul>\n<p>Machen Sie den ersten Schritt in die digitale Zukunft und <strong>kontaktieren Sie uns noch heute!<\/strong> Gemeinsam bringen wir Ihr Unternehmen auf das n\u00e4chste Level.<\/p>\n<\/div><\/div>\n\n\n\n<div class=\"wp-block-group has-small-font-size\"><div class=\"wp-block-group__inner-container is-layout-constrained wp-block-group-is-layout-constrained\">\n<div class=\"wp-block-contact-form-7-contact-form-selector\">\n<div class=\"wpcf7 no-js\" id=\"wpcf7-f865-o1\" lang=\"de-DE\" dir=\"ltr\">\n<div class=\"screen-reader-response\"><p role=\"status\" aria-live=\"polite\" aria-atomic=\"true\"><\/p> <ul><\/ul><\/div>\n<form action=\"\/index.php?rest_route=%2Fwp%2Fv2%2Fpages%2F206#wpcf7-f865-o1\" method=\"post\" class=\"wpcf7-form init\" aria-label=\"Kontaktformular\" novalidate=\"novalidate\" data-status=\"init\">\n<div style=\"display: none;\">\n<input type=\"hidden\" name=\"_wpcf7\" value=\"865\" \/>\n<input type=\"hidden\" name=\"_wpcf7_version\" value=\"5.9.6\" \/>\n<input type=\"hidden\" name=\"_wpcf7_locale\" value=\"de_DE\" \/>\n<input type=\"hidden\" name=\"_wpcf7_unit_tag\" value=\"wpcf7-f865-o1\" \/>\n<input type=\"hidden\" name=\"_wpcf7_container_post\" value=\"0\" \/>\n<input type=\"hidden\" name=\"_wpcf7_posted_data_hash\" value=\"\" \/>\n<\/div>\n<p><label> Dein Name<br \/>\n<span class=\"wpcf7-form-control-wrap\" data-name=\"your-name\"><input size=\"40\" maxlength=\"80\" class=\"wpcf7-form-control wpcf7-text wpcf7-validates-as-required\" autocomplete=\"name\" aria-required=\"true\" aria-invalid=\"false\" value=\"\" type=\"text\" name=\"your-name\" \/><\/span> <\/label>\n<\/p>\n<p><label> Deine E-Mail-Adresse<br \/>\n<span class=\"wpcf7-form-control-wrap\" data-name=\"your-email\"><input size=\"40\" maxlength=\"80\" class=\"wpcf7-form-control wpcf7-email wpcf7-validates-as-required wpcf7-text wpcf7-validates-as-email\" autocomplete=\"email\" aria-required=\"true\" aria-invalid=\"false\" value=\"\" type=\"email\" name=\"your-email\" \/><\/span> <\/label>\n<\/p>\n<p><label> Deine Nachricht (optional)<br \/>\n<span class=\"wpcf7-form-control-wrap\" data-name=\"your-message\"><textarea cols=\"40\" rows=\"10\" maxlength=\"400\" class=\"wpcf7-form-control wpcf7-textarea\" aria-invalid=\"false\" name=\"your-message\"><\/textarea><\/span> <\/label>\n<\/p>\n<p><input class=\"wpcf7-form-control wpcf7-submit has-spinner\" type=\"submit\" value=\"Senden\" \/>\n<\/p><div class=\"wpcf7-response-output\" aria-hidden=\"true\"><\/div>\n<\/form>\n<\/div>\n<\/div>\n<\/div><\/div>\n\n\n\n<div style=\"height:7px\" aria-hidden=\"true\" class=\"wp-block-spacer\"><\/div>\n\n\n\n<div class=\"wp-block-cover alignfull\" style=\"min-height:224px;aspect-ratio:unset;\"><span aria-hidden=\"true\" class=\"wp-block-cover__background has-background-dim-60 has-background-dim\"><\/span><img loading=\"lazy\" decoding=\"async\" width=\"1024\" height=\"1024\" class=\"wp-block-cover__image-background wp-image-770\" alt=\"\" src=\"https:\/\/marethan.com\/wp-content\/uploads\/2024\/07\/7b464c33-e7ff-44d6-b06d-aecb6b839a95-e1720864956253.webp\" style=\"object-position:52% 46%\" data-object-fit=\"cover\" data-object-position=\"52% 46%\" srcset=\"https:\/\/marethan.com\/wp-content\/uploads\/2024\/07\/7b464c33-e7ff-44d6-b06d-aecb6b839a95-e1720864956253.webp 1024w, https:\/\/marethan.com\/wp-content\/uploads\/2024\/07\/7b464c33-e7ff-44d6-b06d-aecb6b839a95-e1720864956253-300x300.webp 300w, https:\/\/marethan.com\/wp-content\/uploads\/2024\/07\/7b464c33-e7ff-44d6-b06d-aecb6b839a95-e1720864956253-150x150.webp 150w, https:\/\/marethan.com\/wp-content\/uploads\/2024\/07\/7b464c33-e7ff-44d6-b06d-aecb6b839a95-e1720864956253-768x768.webp 768w, https:\/\/marethan.com\/wp-content\/uploads\/2024\/07\/7b464c33-e7ff-44d6-b06d-aecb6b839a95-e1720864956253-510x510.webp 510w\" sizes=\"(max-width: 1024px) 100vw, 1024px\" \/><div class=\"wp-block-cover__inner-container is-layout-flow wp-block-cover-is-layout-flow\">\n<p class=\"has-text-align-center has-large-font-size\"><\/p>\n<\/div><\/div>\n\n\n\n<p><\/p>\n\n\n\n<p><\/p>\n","protected":false},"excerpt":{"rendered":"<p><strong>Willkommen bei der Marethan GmbH, Ihrem Partner f\u00fcr die Digitalisierung kleiner Unternehmen. <br \/><\/strong><br \/>In einer Welt, die sich st\u00e4ndig weiterentwickelt, ist es entscheidend, dass auch Ihr Unternehmen Schritt h\u00e4lt. Wir bieten ma\u00dfgeschneiderte L\u00f6sungen, die Ihre Gesch\u00e4ftsprozesse optimieren und Ihre Effizienz steigern. <\/p>\n<p><strong><em>Unsere Dienstleistungen umfassen: <\/em><\/strong><br \/>&#8211; <strong>Digitale Strategieentwicklung:<\/strong>\u00a0Wir helfen Ihnen, eine klare und effektive digitale Strategie zu entwickeln, die auf Ihre individuellen Bed\u00fcrfnisse zugeschnitten ist.<br \/><strong>&#8211; Webdesign und -entwicklung:<\/strong>\u00a0Von ansprechenden Websites bis hin zu benutzerfreundlichen Online-Shops \u2013 wir sorgen daf\u00fcr, dass Ihr Online-Auftritt \u00fcberzeugt. <br \/><strong>&#8211; Cloud-L\u00f6sungen:<\/strong>\u00a0Nutzen Sie die Vorteile der Cloud, um Ihre Daten sicher und jederzeit zug\u00e4nglich zu speichern. <br \/><strong>&#8211; IT-Support und Wartung:<\/strong>\u00a0Unser erfahrenes Team steht Ihnen rund um die Uhr zur Verf\u00fcgung, um technische Probleme schnell und effizient zu l\u00f6sen.<br \/><strong>&#8211; Schulungen und Workshops:<\/strong>\u00a0Wir schulen Ihr Team, damit es die neuen digitalen Werkzeuge optimal nutzen kann.<br \/><strong>&#8211; F\u00f6rderung:<\/strong>\u00a0Wir unterst\u00fctzen Sie bei der Beantragung der &#8220;Digitalisierungspr\u00e4mie Plus&#8221;<\/p>\n<p><strong><em>Warum mit uns?<\/em><\/strong><br \/><strong>&#8211; Erfahrung und Expertise:<\/strong>\u00a0Mit jahrelanger Erfahrung in der Digitalisierung kleiner Unternehmen wissen wir genau, worauf es ankommt.<br \/><strong>&#8211; Individuelle L\u00f6sungen:<\/strong>\u00a0Keine Einheitsl\u00f6sungen \u2013 wir entwickeln ma\u00dfgeschneiderte Konzepte, die perfekt zu Ihrem Unternehmen passen.<br \/><strong>&#8211; Kundenzufriedenheit:<\/strong>\u00a0Ihre Zufriedenheit steht bei uns an erster Stelle. Wir begleiten Sie von der ersten Beratung bis zur erfolgreichen Umsetzung und dar\u00fcber hinaus.<\/p>\n<p>Machen Sie den ersten Schritt in die digitale Zukunft und kontaktieren Sie uns noch heute! Gemeinsam bringen wir Ihr Unternehmen auf das n\u00e4chste Level.<\/p>\n","protected":false},"author":3,"featured_media":0,"parent":0,"menu_order":0,"comment_status":"closed","ping_status":"closed","template":"","meta":{"footnotes":""},"class_list":["post-206","page","type-page","status-publish"],"_links":{"self":[{"href":"https:\/\/marethan.com\/index.php?rest_route=\/wp\/v2\/pages\/206"}],"collection":[{"href":"https:\/\/marethan.com\/index.php?rest_route=\/wp\/v2\/pages"}],"about":[{"href":"https:\/\/marethan.com\/index.php?rest_route=\/wp\/v2\/types\/page"}],"author":[{"embeddable":true,"href":"https:\/\/marethan.com\/index.php?rest_route=\/wp\/v2\/users\/3"}],"replies":[{"embeddable":true,"href":"https:\/\/marethan.com\/index.php?rest_route=%2Fwp%2Fv2%2Fcomments&post=206"}],"version-history":[{"count":72,"href":"https:\/\/marethan.com\/index.php?rest_route=\/wp\/v2\/pages\/206\/revisions"}],"predecessor-version":[{"id":969,"href":"https:\/\/marethan.com\/index.php?rest_route=\/wp\/v2\/pages\/206\/revisions\/969"}],"wp:attachment":[{"href":"https:\/\/marethan.com\/index.php?rest_route=%2Fwp%2Fv2%2Fmedia&parent=206"}],"curies":[{"name":"wp","href":"https:\/\/api.w.org\/{rel}","templated":true}]}}