{"id":814,"date":"2024-07-13T11:49:25","date_gmt":"2024-07-13T11:49:25","guid":{"rendered":"https:\/\/marethan.com\/?page_id=814"},"modified":"2024-07-15T13:28:06","modified_gmt":"2024-07-15T13:28:06","slug":"produkte-2","status":"publish","type":"page","link":"https:\/\/marethan.com\/?page_id=814","title":{"rendered":"Produkte"},"content":{"rendered":"\n<h2 class=\"wp-block-heading\"><strong>Checkboard<\/strong><\/h2>\n\n\n\n<p>Transparenz ist wichtig. Gerade wenn f\u00fcr eine gr\u00f6\u00dfere Anzahl von Objekten gleichartige Umf\u00e4nge zu controllen oder abzuarbeiten sind, verliert man schnell mal den \u00dcberblick. Vor allen, wenn die Aufgaben verteilt sind und mehrere Menschen zum Gesamterfolg des Projektes beitragen. Ist der Arbeitsschritt X f\u00fcr das Objekt Y bereits erledigt? Wer hat ihn durchgef\u00fchrt? Und wann?<\/p>\n\n\n\n<p>Das Checkboard bietet hier eine intuitiv zu bedienende und einfache L\u00f6sung, die Ihnen einen anschaulichen Gesamt\u00fcberblick zum Projektstand erm\u00f6glicht. Mit Hilfe von farbigen Feldern ist sofort ersichtlich, wo noch Themen offen sind und welchen Status einzelne Bearbeitungsschritte haben.<\/p>\n\n\n\n<p>Besonderes Augenmerk lag bei der Entwicklung auf der einfachen und intuitiven Bedienbarkeit des Systems, ohne dabei die R\u00fcckverfolgbarkeit der Eingaben zu vernachl\u00e4ssigen.<\/p>\n\n\n\n<p>Hierzu muss sich der Anwender zuerst am System anmelden. Dies geschieht mit seiner pers\u00f6nlichen Karte, die er kurz vor den Kartenleser des Objektmonitors h\u00e4lt. Jetzt kann schreibend auf die Arbeitsschritte zugegriffen werden.<\/p>\n\n\n\n<p>F\u00fcr eine Statusanpassung eines Arbeitsschrittes f\u00fcr ein Objekt muss jetzt nur noch das zugeh\u00f6rige Feld angeklickt werden. Sofort \u00f6ffnet sich ein Dialog, der die erforderlichen Daten beim Benutzer abfragt. Mit &#8216;OK&#8217; werden die Eingaben gespeichert und die Anzeige auf dem Monitor angepasst. Nochmaliges Halten der OM-Karte vor den Kartenleser &#8211; schon ist die Abmeldung erfolgt. Einfacher geht&#8217;s nicht!<\/p>\n\n\n\n<p><a href=\"https:\/\/marethan.com\/wp-content\/uploads\/2018\/04\/2018-03-11_Infosheet-Checkboard.pdf\">Hier unser Info-Flyer<\/a><\/p>\n","protected":false},"excerpt":{"rendered":"<p>Checkboard Transparenz ist wichtig. Gerade wenn f\u00fcr eine gr\u00f6\u00dfere Anzahl von Objekten gleichartige Umf\u00e4nge zu controllen oder abzuarbeiten sind, verliert man schnell mal den \u00dcberblick. Vor allen, wenn die Aufgaben verteilt sind und mehrere Menschen zum Gesamterfolg des Projektes beitragen. Ist der Arbeitsschritt X f\u00fcr das Objekt Y bereits erledigt? Wer hat ihn durchgef\u00fchrt? Und &#8230; <a title=\"Produkte\" class=\"read-more\" href=\"https:\/\/marethan.com\/?page_id=814\" aria-label=\"Mehr Informationen \u00fcber Produkte\">Weiterlesen<\/a><\/p>\n","protected":false},"author":3,"featured_media":0,"parent":0,"menu_order":0,"comment_status":"closed","ping_status":"closed","template":"","meta":{"footnotes":""},"class_list":["post-814","page","type-page","status-publish"],"_links":{"self":[{"href":"https:\/\/marethan.com\/index.php?rest_route=\/wp\/v2\/pages\/814"}],"collection":[{"href":"https:\/\/marethan.com\/index.php?rest_route=\/wp\/v2\/pages"}],"about":[{"href":"https:\/\/marethan.com\/index.php?rest_route=\/wp\/v2\/types\/page"}],"author":[{"embeddable":true,"href":"https:\/\/marethan.com\/index.php?rest_route=\/wp\/v2\/users\/3"}],"replies":[{"embeddable":true,"href":"https:\/\/marethan.com\/index.php?rest_route=%2Fwp%2Fv2%2Fcomments&post=814"}],"version-history":[{"count":2,"href":"https:\/\/marethan.com\/index.php?rest_route=\/wp\/v2\/pages\/814\/revisions"}],"predecessor-version":[{"id":927,"href":"https:\/\/marethan.com\/index.php?rest_route=\/wp\/v2\/pages\/814\/revisions\/927"}],"wp:attachment":[{"href":"https:\/\/marethan.com\/index.php?rest_route=%2Fwp%2Fv2%2Fmedia&parent=814"}],"curies":[{"name":"wp","href":"https:\/\/api.w.org\/{rel}","templated":true}]}}